{"id":100,"date":"2016-02-18T09:22:20","date_gmt":"2016-02-18T09:22:20","guid":{"rendered":"http:\/\/nikola-rossbach.de\/?page_id=100"},"modified":"2023-07-31T10:47:46","modified_gmt":"2023-07-31T10:47:46","slug":"repertorium","status":"publish","type":"page","link":"http:\/\/nikola-rossbach.de\/?page_id=100","title":{"rendered":"Welt und Wissen auf der B\u00fchne"},"content":{"rendered":"<p><a href=\"http:\/\/nikola-rossbach.de\/?page_id=72\"><img decoding=\"async\" loading=\"lazy\" class=\"alignnone size-full wp-image-59\" src=\"http:\/\/nikola-rossbach.de\/wp-content\/uploads\/2016\/02\/repertorium.jpg\" alt=\"repertorium\" width=\"150\" height=\"150\" \/><\/a><\/p>\n<p><a href=\"http:\/\/diglib.hab.de\/edoc\/ed000132\/startx.htm\">Welt und Wissen auf der B\u00fchne<\/a>. Theatrum-Literatur der Fr\u00fchen Neuzeit. Repertorium. Hrsg. von Nikola Ro\u00dfbach und Thomas St\u00e4cker. Wolfenb\u00fcttel: Herzog August Bibliothek 2011.<\/p>\n<p><em>Eigene Beitr\u00e4ge:<\/em><\/p>\n<p>(1)<a href=\"http:\/\/diglib.hab.de\/edoc\/ed000152\/start.htm\"> A.C.M.<\/a>: Schauplatz Einer vollst\u00e4ndigen und leicht begreiffenden Frantz\u00f6sischen Sprachkunst<\/p>\n<p>(2) <a href=\"http:\/\/diglib.hab.de\/edoc\/ed000026\/start.htm\">Amman<\/a>, Jost: Gynaeceum, sive Theatrum mulierum<\/p>\n<p>(3) <a href=\"http:\/\/diglib.hab.de\/edoc\/ed000116\/start.htm\">Anonym<\/a>: Kriegs-Theatrum in Italien<\/p>\n<p>(4)<a href=\"http:\/\/diglib.hab.de\/edoc\/ed000113\/start.htm\"> Anonym<\/a>: Neu auffgelegtes Complementir- und Liebes-Theatrum<\/p>\n<p>(5)<a href=\"http:\/\/diglib.hab.de\/edoc\/ed000065\/start.htm\"> Anonym<\/a>: Neu-auffgef\u00fchrter Schau-Platz Oder warhaffte Liebes-Geschicht<\/p>\n<p>(6)<a href=\"http:\/\/diglib.hab.de\/edoc\/ed000123\/start.htm\"> Anonym<\/a>: Pommerisches Kriegs-Theatrum<\/p>\n<p>(7) <a href=\"http:\/\/diglib.hab.de\/edoc\/ed000064\/start.htm\">Anonym<\/a>: Schau-Platz aller Dinge<\/p>\n<p>(8) <a href=\"http:\/\/diglib.hab.de\/edoc\/ed000032\/start.htm\">Anonym<\/a>: Theatrum Malorum Mulierum<\/p>\n<p>(9) <a href=\"http:\/\/diglib.hab.de\/edoc\/ed000027\/start.htm\">Besson<\/a>, Jacques: Theatrum Instrumentorum Et Machinarum<\/p>\n<p>(10) <a href=\"http:\/\/diglib.hab.de\/edoc\/ed000028\/start.htm\">B\u00f6ckler<\/a>, Georg Andreas: Theatrum Machinarum Novum<\/p>\n<p>(11) <a href=\"http:\/\/diglib.hab.de\/edoc\/ed000070\/start.htm\">Ceumern<\/a>, Caspar von: Theatridium Livonicum<\/p>\n<p>(12) <a href=\"http:\/\/diglib.hab.de\/edoc\/ed000128\/start.htm\">Collin<\/a>, Friedrich Eberhard: Wunder-voller Schauplatz Der Heiligen M\u00e4rtyrer<\/p>\n<p>(13) <a href=\"http:\/\/diglib.hab.de\/edoc\/ed000167\/start.htm\">Dahlmann<\/a>, Peter: Schauplatz Der Masquirten und Demasquirten Gelehrten<\/p>\n<p>(14) <a href=\"http:\/\/diglib.hab.de\/edoc\/ed000029\/start.htm\">Dieussart<\/a>, Charles Philippe: Theatrum Architecturae Civilis<\/p>\n<p>(15) <a href=\"http:\/\/diglib.hab.de\/edoc\/ed000025\/start.htm\">Ei\u00dflingen<\/a>, Christoph: Breviarium Itineris Italiae<\/p>\n<p>(16) <a href=\"http:\/\/diglib.hab.de\/edoc\/ed000030\/start.htm\">Hertel<\/a>, Hans Georg: New er\u00f6ffneter Geometrischer Schaw- und M\u00e4sse-Platz<\/p>\n<p>(17) <a href=\"http:\/\/diglib.hab.de\/edoc\/ed000092\/start.htm\">Hueber<\/a>, Ivo: Theatrum Annuum Historico-Morale Heroinarum<\/p>\n<p>(18)<a href=\"http:\/\/diglib.hab.de\/edoc\/ed000115\/start.htm\"> Justi<\/a>, Johann Heinrich Gottlob von: Schauplatz der K\u00fcnste und Handwerke<\/p>\n<p>(19) <a href=\"http:\/\/diglib.hab.de\/edoc\/ed000015\/start.htm\">Kramer<\/a>, Matthias: Allgemeiner Schau-Platz\/ auf welchem [\u2026] vorgestellet wird die Teutsche und Itali\u00e4nische Benennung aller Haupt-Dinge der Welt<\/p>\n<p>(20) <a href=\"http:\/\/diglib.hab.de\/edoc\/ed000047\/start.htm\">Kunze<\/a>, Carl Sebastian Heinrich: Schauplatz der gemeinn\u00fctzigsten Maschinen<\/p>\n<p>(21)<a href=\"http:\/\/diglib.hab.de\/edoc\/ed000109\/start.htm\"> Leupold, Jacob\/Joachim Ernst Scheffler<\/a>: Theatri Machinarum Supplementum<\/p>\n<p>(22) <a href=\"http:\/\/diglib.hab.de\/edoc\/ed000041\/start.htm\">Leupold<\/a>, Jacob: Theatrum Machinarum Hydraulicarum<\/p>\n<p>(23)<a href=\"http:\/\/diglib.hab.de\/edoc\/ed000040\/start.htm\"> Leupold<\/a>, Jacob: Theatrum Staticum<\/p>\n<p>(24)<a href=\"http:\/\/diglib.hab.de\/edoc\/ed000063\/start.htm\"> Liger<\/a>, Louis: Nouveau Theatre D\u2019Agriculture Et Menage Des Champs<\/p>\n<p>(25) <a href=\"http:\/\/diglib.hab.de\/edoc\/ed000080\/start.htm\">Meuschen<\/a>, Johann Gerhard: Courieuse Schau-B\u00fchne Durchl\u00e4uchtigst-Gelahrter Dames<\/p>\n<p>(26) <a href=\"http:\/\/diglib.hab.de\/edoc\/ed000127\/start.htm\">Misson<\/a>, Maximilian: Heiliger Schau-Platz Der Landschafft Cevennes<\/p>\n<p>(27) <a href=\"http:\/\/diglib.hab.de\/edoc\/ed000119\/start.htm\">Mollet<\/a>, Claude: Theatre Des Plans Et Iardinages<\/p>\n<p>(28) <a href=\"http:\/\/diglib.hab.de\/edoc\/ed000121\/start.htm\">Pirckheimer<\/a>, Willibald: Theatrvm Virtvtis &amp; Honoris<\/p>\n<p>(29) <a href=\"http:\/\/diglib.hab.de\/edoc\/ed000122\/start.htm\">Polus<\/a>, Timotheus: Lustiger Schauplatz\/ Da allerley Personen\/ Aempter\/ St\u00e4nde\/ K\u00fcnste\/ H\u00e4ndel\/ Gewerbe vnd Handwercke\/ Wie auch derselben Anf\u00e4nger\/ Erfinder vnd Vermehrer bey einander sind<\/p>\n<p>(30) <a href=\"http:\/\/diglib.hab.de\/edoc\/ed000023\/start.htm\">Reyher<\/a>, Andreas: Theatrum Latino-Germanico-Graecum<\/p>\n<p>(31) <a href=\"http:\/\/diglib.hab.de\/edoc\/ed000033\/start.htm\">Saur<\/a>, Abraham: Theatrum De Veneficis<\/p>\n<p>(32) <a href=\"http:\/\/diglib.hab.de\/edoc\/ed000125\/start.htm\">Schmid<\/a>, J.F. (Mercurius): Schau-Platz der Dantzenden<\/p>\n<p>(33) <a href=\"http:\/\/diglib.hab.de\/edoc\/ed000124\/start.htm\">Schmidt<\/a>, Christian Heinrich: Kleiner Schauplatz des b\u00fcrgerlichen Gewerbflei\u00dfes<\/p>\n<p>(34) <a href=\"http:\/\/diglib.hab.de\/edoc\/ed000066\/start.htm\">Schmolck<\/a>, Benjamin: Heiliger Schau-Platz Der Liebe<\/p>\n<p>(35) <a href=\"http:\/\/diglib.hab.de\/edoc\/ed000135\/start.htm\">Serres<\/a>, Olivier de: Theatre D\u2019Agricvltvre Et Mesnage Des Champs<\/p>\n<p>(36) <a href=\"http:\/\/diglib.hab.de\/edoc\/ed000052\/start.htm\">Stridbeck<\/a>, Johann: Curioses Staats und Kriegs Theatrvm Dermahliger Begebenheiten im Tyrol<\/p>\n<p>(37) <a href=\"http:\/\/diglib.hab.de\/edoc\/ed000051\/start.htm\">Stridbeck<\/a>, Johann: Curioses Staats und Kriegs Theatrvm Dermahliger Begebenheiten in Bayern<\/p>\n<p>(38) <a href=\"http:\/\/diglib.hab.de\/edoc\/ed000054\/start.htm\">Stridbeck<\/a>, Johann: Curioses Staats und Kriegs Theatrvm Dermahliger Begebenheiten in Francken und Schwaben<\/p>\n<p>(39) <a href=\"http:\/\/diglib.hab.de\/edoc\/ed000053\/start.htm\">Stridbeck<\/a>, Johann: Theatrum Der Vornehmsten Kirchen Cl\u00f6ster Pall\u00e6st u: Gebeude in Chur F. Residentz Stadt M\u00fcnchen<\/p>\n<p>(40) <a href=\"http:\/\/diglib.hab.de\/edoc\/ed000139\/start.htm\">Thomae<\/a>, Johannes: Trawriger Schawplatz Des im Jahre 1642. belagerten Leipzigs<\/p>\n<p>(41) <a href=\"http:\/\/diglib.hab.de\/edoc\/ed000022\/start.htm\">Van der Horst, Tileman \/Jacob Polley<\/a>: Theatrum Machinarum Universale; Of Keurige Verzameling van verscheide grote en zeer fraaie Waterwerken<\/p>\n<p>(42)<a href=\"http:\/\/diglib.hab.de\/edoc\/ed000059\/start.htm\"> Van der Horst<\/a>, Tileman: Theatrum Machinarum Universale; Of Nieuwe Algemeene Bouwkunde<\/p>\n<p>(43) <a href=\"http:\/\/diglib.hab.de\/edoc\/ed000034\/start.htm\">Zeising<\/a>, Heinrich\/Hieronymus Megiser: Theatrum Machinarum<\/p>\n<p>(44)<a href=\"http:\/\/diglib.hab.de\/edoc\/ed000136\/start.htm\"> Zencker<\/a>, Johann Samuel: Frantz\u00f6sischer Soldaten-Teufel\/ Beschrieben: und Auff den Schauplatz Teutschlandes auffgef\u00fchret<\/p>\n<p>(45) <a href=\"http:\/\/diglib.hab.de\/edoc\/ed000140\/start.htm\">Zinner<\/a>, Mathias Ignatius: Der Allgemeine Lebenslauff vnd Schau-Platz dieser Welt<\/p>\n<p>(46) <a href=\"http:\/\/diglib.hab.de\/edoc\/ed000035\/start.htm\">Zonca<\/a>, Vittorio: Novo Teatro Di Machine Et Edificii<\/p>\n<p>(47) <a href=\"http:\/\/diglib.hab.de\/edoc\/ed000024\/start.htm\">Zyl<\/a>, Jan van: Theatrum Machinarum Universale; Of Groot Algemeen Moolen-Boek<\/p>\n","protected":false},"excerpt":{"rendered":"<p>Welt und Wissen auf der B\u00fchne. Theatrum-Literatur der Fr\u00fchen Neuzeit. Repertorium. Hrsg. von Nikola Ro\u00dfbach und&hellip;<\/p>\n","protected":false},"author":1,"featured_media":0,"parent":72,"menu_order":9,"comment_status":"closed","ping_status":"closed","template":"","meta":[],"_links":{"self":[{"href":"http:\/\/nikola-rossbach.de\/index.php?rest_route=\/wp\/v2\/pages\/100"}],"collection":[{"href":"http:\/\/nikola-rossbach.de\/index.php?rest_route=\/wp\/v2\/pages"}],"about":[{"href":"http:\/\/nikola-rossbach.de\/index.php?rest_route=\/wp\/v2\/types\/page"}],"author":[{"embeddable":true,"href":"http:\/\/nikola-rossbach.de\/index.php?rest_route=\/wp\/v2\/users\/1"}],"replies":[{"embeddable":true,"href":"http:\/\/nikola-rossbach.de\/index.php?rest_route=%2Fwp%2Fv2%2Fcomments&post=100"}],"version-history":[{"count":7,"href":"http:\/\/nikola-rossbach.de\/index.php?rest_route=\/wp\/v2\/pages\/100\/revisions"}],"predecessor-version":[{"id":775,"href":"http:\/\/nikola-rossbach.de\/index.php?rest_route=\/wp\/v2\/pages\/100\/revisions\/775"}],"up":[{"embeddable":true,"href":"http:\/\/nikola-rossbach.de\/index.php?rest_route=\/wp\/v2\/pages\/72"}],"wp:attachment":[{"href":"http:\/\/nikola-rossbach.de\/index.php?rest_route=%2Fwp%2Fv2%2Fmedia&parent=100"}],"curies":[{"name":"wp","href":"https:\/\/api.w.org\/{rel}","templated":true}]}}