{"id":82,"date":"2016-02-18T09:18:40","date_gmt":"2016-02-18T09:18:40","guid":{"rendered":"http:\/\/nikola-rossbach.de\/?page_id=82"},"modified":"2023-06-02T12:40:36","modified_gmt":"2023-06-02T12:40:36","slug":"kontakt","status":"publish","type":"page","link":"http:\/\/nikola-rossbach.de\/?page_id=82","title":{"rendered":"Kontakt"},"content":{"rendered":"<p><a href=\"http:\/\/nikola-rossbach.de\/\"><img decoding=\"async\" loading=\"lazy\" class=\"alignnone size-full wp-image-38\" src=\"http:\/\/nikola-rossbach.de\/wp-content\/uploads\/2016\/02\/kontakt.jpg\" alt=\"kontakt\" width=\"150\" height=\"150\" \/><\/a><\/p>\n<p>Prof. Dr. Nikola Ro\u00dfbach<\/p>\n<p>Universit\u00e4t Kassel<br \/>\nFachbereich 02 f\u00fcr Geistes- und Kulturwissenschaften<br \/>\nInstitut f\u00fcr Germanistik<br \/>\nKurt-Wolters-Str. 5, Raum 3027<br \/>\nD-34125 Kassel<\/p>\n<p>Tel.: 0561\/804 3329<br \/>\nMail: n.rossbach(at)uni-kassel.de<\/p>\n<blockquote class=\"wp-embedded-content\" data-secret=\"fbuNELRjSf\"><p><a href=\"http:\/\/nikola-rossbach.de\/\"><\/a><\/p><\/blockquote>\n<p><iframe class=\"wp-embedded-content\" sandbox=\"allow-scripts\" security=\"restricted\" style=\"position: absolute; clip: rect(1px, 1px, 1px, 1px);\" title=\"&#8222;&#8220; &#8212; \" src=\"http:\/\/nikola-rossbach.de\/?embed=true#?secret=0R9oxJv2vl#?secret=fbuNELRjSf\" data-secret=\"fbuNELRjSf\" width=\"600\" height=\"338\" frameborder=\"0\" marginwidth=\"0\" marginheight=\"0\" scrolling=\"no\"><\/iframe><br \/>\nhttp:\/\/www.theatra.de<br \/>\nkasselerliste.com<\/p>\n","protected":false},"excerpt":{"rendered":"<p>Prof. Dr. Nikola Ro\u00dfbach Universit\u00e4t Kassel Fachbereich 02 f\u00fcr Geistes- und Kulturwissenschaften Institut f\u00fcr Germanistik Kurt-Wolters-Str.&hellip;<\/p>\n","protected":false},"author":1,"featured_media":0,"parent":0,"menu_order":0,"comment_status":"closed","ping_status":"closed","template":"","meta":[],"_links":{"self":[{"href":"http:\/\/nikola-rossbach.de\/index.php?rest_route=\/wp\/v2\/pages\/82"}],"collection":[{"href":"http:\/\/nikola-rossbach.de\/index.php?rest_route=\/wp\/v2\/pages"}],"about":[{"href":"http:\/\/nikola-rossbach.de\/index.php?rest_route=\/wp\/v2\/types\/page"}],"author":[{"embeddable":true,"href":"http:\/\/nikola-rossbach.de\/index.php?rest_route=\/wp\/v2\/users\/1"}],"replies":[{"embeddable":true,"href":"http:\/\/nikola-rossbach.de\/index.php?rest_route=%2Fwp%2Fv2%2Fcomments&post=82"}],"version-history":[{"count":26,"href":"http:\/\/nikola-rossbach.de\/index.php?rest_route=\/wp\/v2\/pages\/82\/revisions"}],"predecessor-version":[{"id":728,"href":"http:\/\/nikola-rossbach.de\/index.php?rest_route=\/wp\/v2\/pages\/82\/revisions\/728"}],"wp:attachment":[{"href":"http:\/\/nikola-rossbach.de\/index.php?rest_route=%2Fwp%2Fv2%2Fmedia&parent=82"}],"curies":[{"name":"wp","href":"https:\/\/api.w.org\/{rel}","templated":true}]}}