{"id":86,"date":"2016-02-18T09:20:18","date_gmt":"2016-02-18T09:20:18","guid":{"rendered":"http:\/\/nikola-rossbach.de\/?page_id=86"},"modified":"2025-01-27T18:20:40","modified_gmt":"2025-01-27T18:20:40","slug":"herausgeberschaften","status":"publish","type":"page","link":"http:\/\/nikola-rossbach.de\/?page_id=86","title":{"rendered":"Herausgeberschaften"},"content":{"rendered":"<p><img decoding=\"async\" loading=\"lazy\" class=\"alignnone size-full wp-image-23\" src=\"http:\/\/nikola-rossbach.de\/wp-content\/uploads\/2016\/02\/herausgeberschaften.jpg\" alt=\"herausgeberschaften\" width=\"150\" height=\"150\" \/><\/p>\n<p>(1) Begegnungen: B\u00fchne und Berufe in der Kulturgeschichte des Theaters. Hrsg. mit Ariane Martin. T\u00fcbingen: Francke 2005. Download: Nikola Ro\u00dfbach: Theatermetaphorik in Wissenschaft und Wissenschaftstheorie um 1700: Gottfried Wilhelm <a href=\"http:\/\/nikola-rossbach.de\/wp-content\/uploads\/2016\/02\/Leibniz.pdf\" rel=\"\">Leibniz<\/a>, S. 15-29.<\/p>\n<p>(2) Dimensionen der Theatrum-Metapher in der Fr\u00fchen Neuzeit. <a href=\"http:\/\/www.metaphorik.de\/14\/\">Ordnung und Repr\u00e4sentation von Wissen<\/a>. \/ Dimensions of the Early Modern Theatrum-Metaphor. Order and Representation of Knowledge. Hrsg. mit Flemming Schock, Oswald Bauer, Ariane Koller und <a href=\"http:\/\/metaphorik.de\">metaphorik.de<\/a>. Hannover: <a href=\"http:\/\/www.wehrhahn-verlag.de\/index.php?section=&amp;subsection=details&amp;id=288\">Wehrhahn<\/a> 2008.<\/p>\n<p>(3) \u201e<a href=\"http:\/\/nikola-rossbach.de\/wp-content\/uploads\/2016\/02\/Sophie-von-La-Roche-Werbblatt.pdf\" rel=\"\">bald zierliche Blumen<\/a> \u2013 bald Nahrung des Verstands\u201c. Lekt\u00fcren zu Sophie von La Roche. Hrsg. mit Monika Lippke, Matthias Luserke-Jaqui. Hannover: <a href=\"http:\/\/www.wehrhahn-verlag.de\/index.php?section=&amp;subsection=details&amp;id=300\">Wehrhahn<\/a> 2008. Download: <a href=\"http:\/\/nikola-rossbach.de\/wp-content\/uploads\/2016\/02\/SLR-1-Titelei-NR.pdf\" rel=\"\">Vorbemerkung<\/a><\/p>\n<p>(4) Metapher und \u00d6kologie. Sprach\u00f6kologische und \u00f6kolinguistische Dimensionen der Metaphorik. Hrsg. mit <a href=\"http:\/\/www.metaphorik.de\/04\/\">metaphorik.de,<\/a> Wilhelm Trampe. M\u00fcnster: LIT 2009.<\/p>\n<p>(5) Welt und Wissen auf der B\u00fchne. Die Theatrum-Literatur der Fr\u00fchen Neuzeit. Repertorium. Hrsg. mit Thomas St\u00e4cker unter Mitarbeit von Flemming Schock, Constanze Baum, Imke Harjes, Sabine Kalff. Wolfenb\u00fcttel: Herzog August Bibliothek 2011 <a href=\"http:\/\/diglib.hab.de\/edoc\/ed000132\/startx.htm\">http:\/\/diglib.hab.de\/edoc\/ed000132\/startx.htm<\/a>.<\/p>\n<p>(6) Das Theatrum Europaeum. Wissensarchitektur einer Jahrhundertchronik. Hrsg. mit Flemming Schock, Constanze Baum unter Mitarbeit von D\u00e9sir\u00e9e M\u00fcller. Wolfenb\u00fcttel: Herzog August Bibliothek 2012 <a href=\"http:\/\/diglib.hab.de\/ebooks\/ed000081\/start.htm\">http:\/\/diglib.hab.de\/ebooks\/ed000081\/start.htm<\/a>.<\/p>\n<p>(7) Theatralit\u00e4t von Wissen in der Fr\u00fchen Neuzeit. Hrsg. mit Constanze Baum. Wolfenb\u00fcttel: Herzog August Bibliothek 2013 <a href=\"http:\/\/diglib.hab.de\/ebooks\/ed000156\/start.htm\">http:\/\/diglib.hab.de\/ebooks\/ed000156\/start.htm<\/a>.<\/p>\n<p>(8) <a href=\"http:\/\/www.transcript-verlag.de\/978-3-8376-2399-4\/verorten-verhandeln-verkoerpern\">Verorten \u2013 Verhandeln \u2013 Verk\u00f6rpern<\/a>. Interdisziplin\u00e4re Analysen von Raum und Geschlecht. Hrsg. mit Silke F\u00f6rschler, Rebekka Habermas. Bielefeld: transcript 2014.<\/p>\n<p>(9) <a href=\"https:\/\/www.peterlang.com\/abstract\/9783653983920\/title.html?rskey=puVTP2&amp;result=1\">Reiseziel Italien<\/a>. Moderne Konstruktionen kulturellen Wissens in Literatur \u2013 Sprache \u2013 Film. Hrsg. mit Alessandra Lombardi, Lucia Mor. Frankfurt a.M. [u.a.]: Lang 2014.<\/p>\n<p>(10) <a href=\"http:\/\/www.igelverlag.com\/Rossbach.htm\">Literatur verstehen<\/a> \u2013 wozu eigentlich? 55 Antworten. Hamburg: Igel 2015.<\/p>\n<p>(11)\u00a0<a href=\"https:\/\/www.peterlang.com\/abstract\/product\/25226?rskey=2AzHGN&amp;result=1\">Der Gardasee und die Deutschen <\/a>\/ I Tedeschi e il Garda. Literatur \u2013 Kunst \u2013 Kommunikation. Letteratura \u2013 Arte \u2013 Comunicazione. Hrsg. mit Alessandra Lombardi, Lucia Mor. Frankfurt a.M. [u.a.]: Lang 2016.<\/p>\n<p>(12) <a href=\"https:\/\/www.verlag-koenigshausen-neumann.de\/product_info.php\/info\/p8453_Paul-Maar--Studien-zum-kinder--und-jugendliterarischen-Werk--Kinder--und-Jugendliteratur-Intermedial--Bd--5-.html\">Paul Maar<\/a>. Studien zum kinder- und jugendliterarischen Werk. Hrsg. mit Andreas Wicke. W\u00fcrzburg: K\u00f6nigshausen und Neumann 2017.<\/p>\n<p>(13) <a href=\"http:\/\/www.wehrhahn-verlag.de\/public\/index.php?ID_Section=2&amp;ID_Product=1192\">Kleines Kasseler Literatur-Lexikon<\/a>. Autorinnen und Autoren. Hannover: Wehrhahn 2018. Downloads: <a href=\"http:\/\/nikola-rossbach.de\/wp-content\/uploads\/2017\/03\/KKLLDruckfassungTeilI.pdf\" rel=\"\">Einf\u00fchrung<\/a> &#8211; Beispielartikel zu <a href=\"http:\/\/nikola-rossbach.de\/wp-content\/uploads\/2017\/03\/BenjaminBramer_M\u00fcnkner_Artikel.pdf\" rel=\"\">Benjamin Bramer<\/a>, <a href=\"http:\/\/nikola-rossbach.de\/wp-content\/uploads\/2017\/03\/KarolineEngelhard_Glowig_Artikel.pdf\" rel=\"\">Karoline Engelhard<\/a>, <a href=\"http:\/\/nikola-rossbach.de\/wp-content\/uploads\/2017\/03\/Heise_K\u00f6nig_Artikel.pdf\" rel=\"\">Lisa Heise<\/a>, <a href=\"http:\/\/nikola-rossbach.de\/wp-content\/uploads\/2017\/03\/Knissel_Schr\u00f6der_Artikel.pdf\" rel=\"\">Maria Knissel.<br \/>\n<\/a>Presse: <a href=\"https:\/\/www.uni-kassel.de\/uni\/en\/aktuelles\/meldung\/post\/detail\/News\/die-grimms-und-450-andere-umfassendes-lexikon-zur-literaturgeschichte-kassels-erschienen\/\">Meldung<\/a> Uni Kassel, <a href=\"http:\/\/nikola-rossbach.de\/wp-content\/uploads\/2016\/02\/epd.pdf\" rel=\"\">epd<\/a>, 17.1.2018,\u00a0 <a href=\"http:\/\/nikola-rossbach.de\/wp-content\/uploads\/2016\/02\/HNA_05022018.pdf\" rel=\"\">HNA<\/a>, 5.2.2018, <a href=\"http:\/\/Kulturcaf\u00e9 hr2, 26.2.2018\">Kulturcaf\u00e9 <\/a>hr2, 26.2.2018 , <a href=\"https:\/\/www.mediathek-hessen.de\/medienview_18069_Alexandra-Serjogin-OK-Kassel-Buchgefl\u00fcster--Kleines-Kasseler-Literaturlexikon.html\">Buchgefl\u00fcster<\/a> Offener Kanal Kassel, 5.6.2018<\/p>\n<p>(14)\u00a0<a href=\"https:\/\/www.peterlang.com\/view\/title\/72709?format=EPDF\">Zensur vom 16. bis zum 18. Jahrhundert<\/a>: Begriffe, Diskurse, Praktiken. Sonderband der Zeitschrift f\u00fcr Internationale Germanistik. Hrsg. mit Florian Gassner. Frankfurt a.M.: Lang 2020. Download: <a href=\"http:\/\/nikola-rossbach.de\/wp-content\/uploads\/2020\/09\/Einf\u00fchrungPDF.pdf\" rel=\"\">Einf\u00fchrung<\/a>.<\/p>\n<p>(15) Kein Ende des Ger\u00fcchts. Antisemitismus in Kultur und Literatur des 20. und 21. Jahrhunderts. Hrsg. mit Stefan Greif, Turgay Kurultay. Kassel: kassel university press 2020. Open Access: <a href=\"https:\/\/kobra.uni-kassel.de\/handle\/123456789\/12153\">Ganztext.<\/a><\/p>\n<p>(16) Wiederholung und Variation im Gespr\u00e4ch des Mittelalters und der Fr\u00fchen Neuzeit. Hrsg. mit Angela Schrott. Berlin, New York: de Gruyter 2023. Open Access: https:\/\/www.degruyter.com\/document\/doi\/10.1515\/9783111133607\/html.<\/p>\n<p>(17)\u00a0<a href=\"https:\/\/www.nomos-shop.de\/nomos\/titel\/zensur-id-101146\/\" target=\"_blank\" rel=\"noopener\">Zensur<\/a>. Handbuch f\u00fcr Wissenschaft und Studium. Baden-Baden: Nomos 2024.<\/p>\n<p>(18) \u201eEins und doppelt\u201c. Literarische Kooperationen vom Minnesang bis zur K\u00fcnstlichen Intelligenz. Hrsg. mit Friedrich Block. Kassel: kup 2025. Open Access: <a href=\"https:\/\/kobra.uni-kassel.de\/items\/0961c863-a9a1-4b2b-a61e-caee0b1aa516\">Ganztext<\/a>.<\/p>\n","protected":false},"excerpt":{"rendered":"<p>(1) Begegnungen: B\u00fchne und Berufe in der Kulturgeschichte des Theaters. Hrsg. mit Ariane Martin. T\u00fcbingen: Francke&hellip;<\/p>\n","protected":false},"author":1,"featured_media":0,"parent":72,"menu_order":2,"comment_status":"closed","ping_status":"closed","template":"","meta":[],"_links":{"self":[{"href":"http:\/\/nikola-rossbach.de\/index.php?rest_route=\/wp\/v2\/pages\/86"}],"collection":[{"href":"http:\/\/nikola-rossbach.de\/index.php?rest_route=\/wp\/v2\/pages"}],"about":[{"href":"http:\/\/nikola-rossbach.de\/index.php?rest_route=\/wp\/v2\/types\/page"}],"author":[{"embeddable":true,"href":"http:\/\/nikola-rossbach.de\/index.php?rest_route=\/wp\/v2\/users\/1"}],"replies":[{"embeddable":true,"href":"http:\/\/nikola-rossbach.de\/index.php?rest_route=%2Fwp%2Fv2%2Fcomments&post=86"}],"version-history":[{"count":53,"href":"http:\/\/nikola-rossbach.de\/index.php?rest_route=\/wp\/v2\/pages\/86\/revisions"}],"predecessor-version":[{"id":851,"href":"http:\/\/nikola-rossbach.de\/index.php?rest_route=\/wp\/v2\/pages\/86\/revisions\/851"}],"up":[{"embeddable":true,"href":"http:\/\/nikola-rossbach.de\/index.php?rest_route=\/wp\/v2\/pages\/72"}],"wp:attachment":[{"href":"http:\/\/nikola-rossbach.de\/index.php?rest_route=%2Fwp%2Fv2%2Fmedia&parent=86"}],"curies":[{"name":"wp","href":"https:\/\/api.w.org\/{rel}","templated":true}]}}